{"id":1083,"date":"2021-07-05T17:54:23","date_gmt":"2021-07-05T15:54:23","guid":{"rendered":"https:\/\/midwives.gehealthcare.com\/fr-fr\/?page_id=1083"},"modified":"2021-09-15T12:32:54","modified_gmt":"2021-09-15T10:32:54","slug":"equipements-necessaires","status":"publish","type":"page","link":"https:\/\/midwives.gehealthcare.com\/fr-fr\/conseils\/equipements-necessaires\/","title":{"rendered":"Les \u00e9quipements n\u00e9cessaires \u00e0 la sage-femme"},"content":{"rendered":"\n<div class=\"wp-block-columns is-layout-flex wp-container-core-columns-is-layout-9d6595d7 wp-block-columns-is-layout-flex\">\n<div class=\"wp-block-column is-layout-flow wp-block-column-is-layout-flow\" style=\"flex-basis:66.66%\">\n<h2 class=\"wp-block-heading\" id=\"h-comment-bien-choisir-son-mat-riel-gyn-cologique-en-tant-que-sage-femme\">Comment bien choisir son mat\u00e9riel gyn\u00e9cologique en tant que sage-femme?<\/h2>\n\n\n\n<p>Le choix de votre \u00e9quipement gynecologique est une \u00e9tape essentielle dans la cr\u00e9ation de votre cabinet. Un \u00e9quipement complet et de qualit\u00e9 est indispensable pour exercer votre m\u00e9tier de sage-femme dans de bonnes conditions. Quelles sont les questions \u00e0 se poser pour choisir son \u00e9chographe ? Sa table d&rsquo;examen ? Ou tout autre mat\u00e9riel n\u00e9cessaire au m\u00e9tier de sage-femme ?<\/p>\n\n\n\n<p>Retrouvez nos conseils pour faire les bons choix sur votre mat\u00e9riel et proposer \u00e0 vos patientes des outils performants et confortable afin de les accompagner au mieux autour et durant la grossesse.<\/p>\n<\/div>\n\n\n\n<div class=\"wp-block-column is-layout-flow wp-block-column-is-layout-flow\" style=\"flex-basis:33.33%\">\n<figure class=\"wp-block-image size-large is-resized\"><img loading=\"lazy\" decoding=\"async\" src=\"https:\/\/midwives.gehealthcare.com\/fr-fr\/wp-content\/uploads\/sites\/4\/2021\/01\/5etapes.png\" alt=\"\" class=\"wp-image-186\" width=\"259\" height=\"158\"\/><\/figure>\n<\/div>\n<\/div>\n\n\n<ul class=\"wp-block-latest-posts__list is-grid columns-3 alignleft wp-block-latest-posts\"><\/ul>","protected":false},"excerpt":{"rendered":"<p>Comment bien choisir son mat\u00e9riel gyn\u00e9cologique en tant que sage-femme? Le choix de votre \u00e9quipement gynecologique est une \u00e9tape essentielle dans la cr\u00e9ation de votre cabinet. Un \u00e9quipement complet et de qualit\u00e9 est indispensable pour exercer votre m\u00e9tier de sage-femme dans de bonnes conditions. Quelles sont les questions \u00e0 se poser pour choisir son \u00e9chographe [&hellip;]<\/p>\n","protected":false},"author":1,"featured_media":774,"parent":41,"menu_order":2,"comment_status":"closed","ping_status":"closed","template":"","meta":{"inline_featured_image":false,"footnotes":""},"class_list":["post-1083","page","type-page","status-publish","has-post-thumbnail","hentry"],"yoast_head":"<!-- This site is optimized with the Yoast SEO plugin v25.2 - https:\/\/yoast.com\/wordpress\/plugins\/seo\/ -->\n<title>Les \u00e9quipements n\u00e9cessaires \u00e0 la sage-femme - Bloom France<\/title>\n<meta name=\"description\" content=\"Comment bien choisir son \u00e9quipement gyn\u00e9cologique lors de la cr\u00e9ation de son cabinet de sage-femme. Comment faire les bon choix ?\" \/>\n<meta name=\"robots\" content=\"index, follow, max-snippet:-1, max-image-preview:large, max-video-preview:-1\" \/>\n<link rel=\"canonical\" href=\"https:\/\/midwives.gehealthcare.com\/fr-fr\/conseils\/equipements-necessaires\/\" \/>\n<meta property=\"og:locale\" content=\"fr_FR\" \/>\n<meta property=\"og:type\" content=\"article\" \/>\n<meta property=\"og:title\" content=\"Les \u00e9quipements n\u00e9cessaires \u00e0 la sage-femme - Bloom France\" \/>\n<meta property=\"og:description\" content=\"Comment bien choisir son \u00e9quipement gyn\u00e9cologique lors de la cr\u00e9ation de son cabinet de sage-femme. Comment faire les bon choix ?\" \/>\n<meta property=\"og:url\" content=\"https:\/\/midwives.gehealthcare.com\/fr-fr\/conseils\/equipements-necessaires\/\" \/>\n<meta property=\"og:site_name\" content=\"Bloom France\" \/>\n<meta property=\"article:modified_time\" content=\"2021-09-15T10:32:54+00:00\" \/>\n<meta property=\"og:image\" content=\"https:\/\/midwives.gehealthcare.com\/fr-fr\/wp-content\/uploads\/sites\/4\/2021\/05\/Trium_plus_ViewPoint-Image-V1.jpg\" \/>\n\t<meta property=\"og:image:width\" content=\"1229\" \/>\n\t<meta property=\"og:image:height\" content=\"851\" \/>\n\t<meta property=\"og:image:type\" content=\"image\/jpeg\" \/>\n<meta name=\"twitter:card\" content=\"summary_large_image\" \/>\n<meta name=\"twitter:label1\" content=\"Dur\u00e9e de lecture estim\u00e9e\" \/>\n\t<meta name=\"twitter:data1\" content=\"1 minute\" \/>\n<script type=\"application\/ld+json\" class=\"yoast-schema-graph\">{\"@context\":\"https:\/\/schema.org\",\"@graph\":[{\"@type\":\"WebPage\",\"@id\":\"https:\/\/midwives.gehealthcare.com\/fr-fr\/conseils\/equipements-necessaires\/\",\"url\":\"https:\/\/midwives.gehealthcare.com\/fr-fr\/conseils\/equipements-necessaires\/\",\"name\":\"Les \u00e9quipements n\u00e9cessaires \u00e0 la sage-femme - Bloom France\",\"isPartOf\":{\"@id\":\"https:\/\/midwives.gehealthcare.com\/fr-fr\/#website\"},\"primaryImageOfPage\":{\"@id\":\"https:\/\/midwives.gehealthcare.com\/fr-fr\/conseils\/equipements-necessaires\/#primaryimage\"},\"image\":{\"@id\":\"https:\/\/midwives.gehealthcare.com\/fr-fr\/conseils\/equipements-necessaires\/#primaryimage\"},\"thumbnailUrl\":\"https:\/\/midwives.gehealthcare.com\/fr-fr\/wp-content\/uploads\/sites\/4\/2021\/05\/Trium_plus_ViewPoint-Image-V1.jpg\",\"datePublished\":\"2021-07-05T15:54:23+00:00\",\"dateModified\":\"2021-09-15T10:32:54+00:00\",\"description\":\"Comment bien choisir son \u00e9quipement gyn\u00e9cologique lors de la cr\u00e9ation de son cabinet de sage-femme. Comment faire les bon choix ?\",\"breadcrumb\":{\"@id\":\"https:\/\/midwives.gehealthcare.com\/fr-fr\/conseils\/equipements-necessaires\/#breadcrumb\"},\"inLanguage\":\"fr-FR\",\"potentialAction\":[{\"@type\":\"ReadAction\",\"target\":[\"https:\/\/midwives.gehealthcare.com\/fr-fr\/conseils\/equipements-necessaires\/\"]}]},{\"@type\":\"ImageObject\",\"inLanguage\":\"fr-FR\",\"@id\":\"https:\/\/midwives.gehealthcare.com\/fr-fr\/conseils\/equipements-necessaires\/#primaryimage\",\"url\":\"https:\/\/midwives.gehealthcare.com\/fr-fr\/wp-content\/uploads\/sites\/4\/2021\/05\/Trium_plus_ViewPoint-Image-V1.jpg\",\"contentUrl\":\"https:\/\/midwives.gehealthcare.com\/fr-fr\/wp-content\/uploads\/sites\/4\/2021\/05\/Trium_plus_ViewPoint-Image-V1.jpg\",\"width\":1229,\"height\":851},{\"@type\":\"BreadcrumbList\",\"@id\":\"https:\/\/midwives.gehealthcare.com\/fr-fr\/conseils\/equipements-necessaires\/#breadcrumb\",\"itemListElement\":[{\"@type\":\"ListItem\",\"position\":1,\"name\":\"Accueil\",\"item\":\"https:\/\/midwives.gehealthcare.com\/fr-fr\/\"},{\"@type\":\"ListItem\",\"position\":2,\"name\":\"Conseils\",\"item\":\"https:\/\/midwives.gehealthcare.com\/fr-fr\/conseils\/\"},{\"@type\":\"ListItem\",\"position\":3,\"name\":\"Les \u00e9quipements n\u00e9cessaires \u00e0 la sage-femme\"}]},{\"@type\":\"WebSite\",\"@id\":\"https:\/\/midwives.gehealthcare.com\/fr-fr\/#website\",\"url\":\"https:\/\/midwives.gehealthcare.com\/fr-fr\/\",\"name\":\"Bloom France\",\"description\":\"Bloom\",\"potentialAction\":[{\"@type\":\"SearchAction\",\"target\":{\"@type\":\"EntryPoint\",\"urlTemplate\":\"https:\/\/midwives.gehealthcare.com\/fr-fr\/?s={search_term_string}\"},\"query-input\":{\"@type\":\"PropertyValueSpecification\",\"valueRequired\":true,\"valueName\":\"search_term_string\"}}],\"inLanguage\":\"fr-FR\"}]}<\/script>\n<!-- \/ Yoast SEO plugin. -->","yoast_head_json":{"title":"Les \u00e9quipements n\u00e9cessaires \u00e0 la sage-femme - Bloom France","description":"Comment bien choisir son \u00e9quipement gyn\u00e9cologique lors de la cr\u00e9ation de son cabinet de sage-femme. Comment faire les bon choix ?","robots":{"index":"index","follow":"follow","max-snippet":"max-snippet:-1","max-image-preview":"max-image-preview:large","max-video-preview":"max-video-preview:-1"},"canonical":"https:\/\/midwives.gehealthcare.com\/fr-fr\/conseils\/equipements-necessaires\/","og_locale":"fr_FR","og_type":"article","og_title":"Les \u00e9quipements n\u00e9cessaires \u00e0 la sage-femme - Bloom France","og_description":"Comment bien choisir son \u00e9quipement gyn\u00e9cologique lors de la cr\u00e9ation de son cabinet de sage-femme. Comment faire les bon choix ?","og_url":"https:\/\/midwives.gehealthcare.com\/fr-fr\/conseils\/equipements-necessaires\/","og_site_name":"Bloom France","article_modified_time":"2021-09-15T10:32:54+00:00","og_image":[{"width":1229,"height":851,"url":"https:\/\/midwives.gehealthcare.com\/fr-fr\/wp-content\/uploads\/sites\/4\/2021\/05\/Trium_plus_ViewPoint-Image-V1.jpg","type":"image\/jpeg"}],"twitter_card":"summary_large_image","twitter_misc":{"Dur\u00e9e de lecture estim\u00e9e":"1 minute"},"schema":{"@context":"https:\/\/schema.org","@graph":[{"@type":"WebPage","@id":"https:\/\/midwives.gehealthcare.com\/fr-fr\/conseils\/equipements-necessaires\/","url":"https:\/\/midwives.gehealthcare.com\/fr-fr\/conseils\/equipements-necessaires\/","name":"Les \u00e9quipements n\u00e9cessaires \u00e0 la sage-femme - Bloom France","isPartOf":{"@id":"https:\/\/midwives.gehealthcare.com\/fr-fr\/#website"},"primaryImageOfPage":{"@id":"https:\/\/midwives.gehealthcare.com\/fr-fr\/conseils\/equipements-necessaires\/#primaryimage"},"image":{"@id":"https:\/\/midwives.gehealthcare.com\/fr-fr\/conseils\/equipements-necessaires\/#primaryimage"},"thumbnailUrl":"https:\/\/midwives.gehealthcare.com\/fr-fr\/wp-content\/uploads\/sites\/4\/2021\/05\/Trium_plus_ViewPoint-Image-V1.jpg","datePublished":"2021-07-05T15:54:23+00:00","dateModified":"2021-09-15T10:32:54+00:00","description":"Comment bien choisir son \u00e9quipement gyn\u00e9cologique lors de la cr\u00e9ation de son cabinet de sage-femme. Comment faire les bon choix ?","breadcrumb":{"@id":"https:\/\/midwives.gehealthcare.com\/fr-fr\/conseils\/equipements-necessaires\/#breadcrumb"},"inLanguage":"fr-FR","potentialAction":[{"@type":"ReadAction","target":["https:\/\/midwives.gehealthcare.com\/fr-fr\/conseils\/equipements-necessaires\/"]}]},{"@type":"ImageObject","inLanguage":"fr-FR","@id":"https:\/\/midwives.gehealthcare.com\/fr-fr\/conseils\/equipements-necessaires\/#primaryimage","url":"https:\/\/midwives.gehealthcare.com\/fr-fr\/wp-content\/uploads\/sites\/4\/2021\/05\/Trium_plus_ViewPoint-Image-V1.jpg","contentUrl":"https:\/\/midwives.gehealthcare.com\/fr-fr\/wp-content\/uploads\/sites\/4\/2021\/05\/Trium_plus_ViewPoint-Image-V1.jpg","width":1229,"height":851},{"@type":"BreadcrumbList","@id":"https:\/\/midwives.gehealthcare.com\/fr-fr\/conseils\/equipements-necessaires\/#breadcrumb","itemListElement":[{"@type":"ListItem","position":1,"name":"Accueil","item":"https:\/\/midwives.gehealthcare.com\/fr-fr\/"},{"@type":"ListItem","position":2,"name":"Conseils","item":"https:\/\/midwives.gehealthcare.com\/fr-fr\/conseils\/"},{"@type":"ListItem","position":3,"name":"Les \u00e9quipements n\u00e9cessaires \u00e0 la sage-femme"}]},{"@type":"WebSite","@id":"https:\/\/midwives.gehealthcare.com\/fr-fr\/#website","url":"https:\/\/midwives.gehealthcare.com\/fr-fr\/","name":"Bloom France","description":"Bloom","potentialAction":[{"@type":"SearchAction","target":{"@type":"EntryPoint","urlTemplate":"https:\/\/midwives.gehealthcare.com\/fr-fr\/?s={search_term_string}"},"query-input":{"@type":"PropertyValueSpecification","valueRequired":true,"valueName":"search_term_string"}}],"inLanguage":"fr-FR"}]}},"_links":{"self":[{"href":"https:\/\/midwives.gehealthcare.com\/fr-fr\/wp-json\/wp\/v2\/pages\/1083","targetHints":{"allow":["GET"]}}],"collection":[{"href":"https:\/\/midwives.gehealthcare.com\/fr-fr\/wp-json\/wp\/v2\/pages"}],"about":[{"href":"https:\/\/midwives.gehealthcare.com\/fr-fr\/wp-json\/wp\/v2\/types\/page"}],"author":[{"embeddable":true,"href":"https:\/\/midwives.gehealthcare.com\/fr-fr\/wp-json\/wp\/v2\/users\/1"}],"replies":[{"embeddable":true,"href":"https:\/\/midwives.gehealthcare.com\/fr-fr\/wp-json\/wp\/v2\/comments?post=1083"}],"version-history":[{"count":109,"href":"https:\/\/midwives.gehealthcare.com\/fr-fr\/wp-json\/wp\/v2\/pages\/1083\/revisions"}],"predecessor-version":[{"id":1340,"href":"https:\/\/midwives.gehealthcare.com\/fr-fr\/wp-json\/wp\/v2\/pages\/1083\/revisions\/1340"}],"up":[{"embeddable":true,"href":"https:\/\/midwives.gehealthcare.com\/fr-fr\/wp-json\/wp\/v2\/pages\/41"}],"wp:featuredmedia":[{"embeddable":true,"href":"https:\/\/midwives.gehealthcare.com\/fr-fr\/wp-json\/wp\/v2\/media\/774"}],"wp:attachment":[{"href":"https:\/\/midwives.gehealthcare.com\/fr-fr\/wp-json\/wp\/v2\/media?parent=1083"}],"curies":[{"name":"wp","href":"https:\/\/api.w.org\/{rel}","templated":true}]}}