{"id":2,"date":"2020-12-02T14:21:16","date_gmt":"2020-12-02T13:21:16","guid":{"rendered":"https:\/\/midwives.gehealthcare.com\/fr-fr\/?page_id=2"},"modified":"2026-01-08T17:13:37","modified_gmt":"2026-01-08T16:13:37","slug":"page-d-exemple","status":"publish","type":"page","link":"https:\/\/midwives.gehealthcare.com\/fr-fr\/","title":{"rendered":"Accueil"},"content":{"rendered":"","protected":false},"excerpt":{"rendered":"","protected":false},"author":1,"featured_media":0,"parent":0,"menu_order":0,"comment_status":"closed","ping_status":"open","template":"homepagetemplate.php","meta":{"inline_featured_image":false,"footnotes":""},"class_list":["post-2","page","type-page","status-publish","hentry"],"yoast_head":"<!-- This site is optimized with the Yoast SEO plugin v25.2 - https:\/\/yoast.com\/wordpress\/plugins\/seo\/ -->\n<title>La communaut\u00e9 des sages-femmes lib\u00e9rales - Bloom France<\/title>\n<meta name=\"description\" content=\"Bienvenue sur Bloom, la nouvelle communaut\u00e9 d\u00e9di\u00e9e aux sages-femmes lib\u00e9rales o\u00f9 vous trouverez de nombreux conseils pour votre pratique.\" \/>\n<meta name=\"robots\" content=\"index, follow, max-snippet:-1, max-image-preview:large, max-video-preview:-1\" \/>\n<link rel=\"canonical\" href=\"https:\/\/midwives.gehealthcare.com\/fr-fr\/\" \/>\n<meta property=\"og:locale\" content=\"fr_FR\" \/>\n<meta property=\"og:type\" content=\"article\" \/>\n<meta property=\"og:title\" content=\"La communaut\u00e9 des sages-femmes lib\u00e9rales - Bloom France\" \/>\n<meta property=\"og:description\" content=\"Bienvenue sur Bloom, la nouvelle communaut\u00e9 d\u00e9di\u00e9e aux sages-femmes lib\u00e9rales o\u00f9 vous trouverez de nombreux conseils pour votre pratique.\" \/>\n<meta property=\"og:url\" content=\"https:\/\/midwives.gehealthcare.com\/fr-fr\/\" \/>\n<meta property=\"og:site_name\" content=\"Bloom France\" \/>\n<meta property=\"article:modified_time\" content=\"2026-01-08T16:13:37+00:00\" \/>\n<meta name=\"twitter:card\" content=\"summary_large_image\" \/>\n<script type=\"application\/ld+json\" class=\"yoast-schema-graph\">{\"@context\":\"https:\/\/schema.org\",\"@graph\":[{\"@type\":\"WebPage\",\"@id\":\"https:\/\/midwives.gehealthcare.com\/fr-fr\/\",\"url\":\"https:\/\/midwives.gehealthcare.com\/fr-fr\/\",\"name\":\"La communaut\u00e9 des sages-femmes lib\u00e9rales - Bloom France\",\"isPartOf\":{\"@id\":\"https:\/\/midwives.gehealthcare.com\/fr-fr\/#website\"},\"datePublished\":\"2020-12-02T13:21:16+00:00\",\"dateModified\":\"2026-01-08T16:13:37+00:00\",\"description\":\"Bienvenue sur Bloom, la nouvelle communaut\u00e9 d\u00e9di\u00e9e aux sages-femmes lib\u00e9rales o\u00f9 vous trouverez de nombreux conseils pour votre pratique.\",\"breadcrumb\":{\"@id\":\"https:\/\/midwives.gehealthcare.com\/fr-fr\/#breadcrumb\"},\"inLanguage\":\"fr-FR\",\"potentialAction\":[{\"@type\":\"ReadAction\",\"target\":[\"https:\/\/midwives.gehealthcare.com\/fr-fr\/\"]}]},{\"@type\":\"BreadcrumbList\",\"@id\":\"https:\/\/midwives.gehealthcare.com\/fr-fr\/#breadcrumb\",\"itemListElement\":[{\"@type\":\"ListItem\",\"position\":1,\"name\":\"Accueil\",\"item\":\"https:\/\/midwives.gehealthcare.com\/fr-fr\/\"},{\"@type\":\"ListItem\",\"position\":2,\"name\":\"Accueil\"}]},{\"@type\":\"WebSite\",\"@id\":\"https:\/\/midwives.gehealthcare.com\/fr-fr\/#website\",\"url\":\"https:\/\/midwives.gehealthcare.com\/fr-fr\/\",\"name\":\"Bloom France\",\"description\":\"Bloom\",\"potentialAction\":[{\"@type\":\"SearchAction\",\"target\":{\"@type\":\"EntryPoint\",\"urlTemplate\":\"https:\/\/midwives.gehealthcare.com\/fr-fr\/?s={search_term_string}\"},\"query-input\":{\"@type\":\"PropertyValueSpecification\",\"valueRequired\":true,\"valueName\":\"search_term_string\"}}],\"inLanguage\":\"fr-FR\"}]}<\/script>\n<!-- \/ Yoast SEO plugin. -->","yoast_head_json":{"title":"La communaut\u00e9 des sages-femmes lib\u00e9rales - Bloom France","description":"Bienvenue sur Bloom, la nouvelle communaut\u00e9 d\u00e9di\u00e9e aux sages-femmes lib\u00e9rales o\u00f9 vous trouverez de nombreux conseils pour votre pratique.","robots":{"index":"index","follow":"follow","max-snippet":"max-snippet:-1","max-image-preview":"max-image-preview:large","max-video-preview":"max-video-preview:-1"},"canonical":"https:\/\/midwives.gehealthcare.com\/fr-fr\/","og_locale":"fr_FR","og_type":"article","og_title":"La communaut\u00e9 des sages-femmes lib\u00e9rales - Bloom France","og_description":"Bienvenue sur Bloom, la nouvelle communaut\u00e9 d\u00e9di\u00e9e aux sages-femmes lib\u00e9rales o\u00f9 vous trouverez de nombreux conseils pour votre pratique.","og_url":"https:\/\/midwives.gehealthcare.com\/fr-fr\/","og_site_name":"Bloom France","article_modified_time":"2026-01-08T16:13:37+00:00","twitter_card":"summary_large_image","schema":{"@context":"https:\/\/schema.org","@graph":[{"@type":"WebPage","@id":"https:\/\/midwives.gehealthcare.com\/fr-fr\/","url":"https:\/\/midwives.gehealthcare.com\/fr-fr\/","name":"La communaut\u00e9 des sages-femmes lib\u00e9rales - Bloom France","isPartOf":{"@id":"https:\/\/midwives.gehealthcare.com\/fr-fr\/#website"},"datePublished":"2020-12-02T13:21:16+00:00","dateModified":"2026-01-08T16:13:37+00:00","description":"Bienvenue sur Bloom, la nouvelle communaut\u00e9 d\u00e9di\u00e9e aux sages-femmes lib\u00e9rales o\u00f9 vous trouverez de nombreux conseils pour votre pratique.","breadcrumb":{"@id":"https:\/\/midwives.gehealthcare.com\/fr-fr\/#breadcrumb"},"inLanguage":"fr-FR","potentialAction":[{"@type":"ReadAction","target":["https:\/\/midwives.gehealthcare.com\/fr-fr\/"]}]},{"@type":"BreadcrumbList","@id":"https:\/\/midwives.gehealthcare.com\/fr-fr\/#breadcrumb","itemListElement":[{"@type":"ListItem","position":1,"name":"Accueil","item":"https:\/\/midwives.gehealthcare.com\/fr-fr\/"},{"@type":"ListItem","position":2,"name":"Accueil"}]},{"@type":"WebSite","@id":"https:\/\/midwives.gehealthcare.com\/fr-fr\/#website","url":"https:\/\/midwives.gehealthcare.com\/fr-fr\/","name":"Bloom France","description":"Bloom","potentialAction":[{"@type":"SearchAction","target":{"@type":"EntryPoint","urlTemplate":"https:\/\/midwives.gehealthcare.com\/fr-fr\/?s={search_term_string}"},"query-input":{"@type":"PropertyValueSpecification","valueRequired":true,"valueName":"search_term_string"}}],"inLanguage":"fr-FR"}]}},"_links":{"self":[{"href":"https:\/\/midwives.gehealthcare.com\/fr-fr\/wp-json\/wp\/v2\/pages\/2","targetHints":{"allow":["GET"]}}],"collection":[{"href":"https:\/\/midwives.gehealthcare.com\/fr-fr\/wp-json\/wp\/v2\/pages"}],"about":[{"href":"https:\/\/midwives.gehealthcare.com\/fr-fr\/wp-json\/wp\/v2\/types\/page"}],"author":[{"embeddable":true,"href":"https:\/\/midwives.gehealthcare.com\/fr-fr\/wp-json\/wp\/v2\/users\/1"}],"replies":[{"embeddable":true,"href":"https:\/\/midwives.gehealthcare.com\/fr-fr\/wp-json\/wp\/v2\/comments?post=2"}],"version-history":[{"count":109,"href":"https:\/\/midwives.gehealthcare.com\/fr-fr\/wp-json\/wp\/v2\/pages\/2\/revisions"}],"predecessor-version":[{"id":3977,"href":"https:\/\/midwives.gehealthcare.com\/fr-fr\/wp-json\/wp\/v2\/pages\/2\/revisions\/3977"}],"wp:attachment":[{"href":"https:\/\/midwives.gehealthcare.com\/fr-fr\/wp-json\/wp\/v2\/media?parent=2"}],"curies":[{"name":"wp","href":"https:\/\/api.w.org\/{rel}","templated":true}]}}