{"id":2397,"date":"2022-04-08T16:06:01","date_gmt":"2022-04-08T14:06:01","guid":{"rendered":"https:\/\/midwives.gehealthcare.com\/fr-fr\/?page_id=2397"},"modified":"2025-10-06T17:04:22","modified_gmt":"2025-10-06T15:04:22","slug":"webserie-comment-je-fais","status":"publish","type":"page","link":"https:\/\/midwives.gehealthcare.com\/fr-fr\/webserie-comment-je-fais\/","title":{"rendered":"WebS\u00e9rie : Comment je fais ?"},"content":{"rendered":"\n<div class=\"wp-block-columns is-layout-flex wp-container-core-columns-is-layout-9d6595d7 wp-block-columns-is-layout-flex\">\n<div class=\"wp-block-column is-layout-flow wp-block-column-is-layout-flow\">\n<p class=\"has-text-align-left\">Sandra Le Garrec vous propose 9 vid\u00e9os de 10 minutes pour r\u00e9viser les points cl\u00e9s de l&rsquo;\u00e9cho f\u0153tale.<br><\/p>\n\n\n\n<p class=\"has-text-align-left\">Sandra Le Garrec est sage-femme \u00e9chographiste au Centre Hospitalier Nord Deux-S\u00e8vres et au Centre Inter Sp\u00e9cialit\u00e9 Aquitain (CISA) \u00e0 Le Bouscat (pr\u00e8s de Bordeaux). Elle est \u00e9galement membre du Coll\u00e8ge Fran\u00e7ais d\u2019\u00c9chographie F\u0153tale (CFEF).<\/p>\n<\/div>\n<\/div>\n\n\n\n<div class=\"wp-block-columns is-layout-flex wp-container-core-columns-is-layout-9d6595d7 wp-block-columns-is-layout-flex\">\n<div class=\"wp-block-column gated_videos is-layout-flow wp-block-column-is-layout-flow\">\n<figure class=\"wp-block-image size-large is-style-default\"><a href=\"https:\/\/midwives.gehealthcare.com\/fr-fr\/education-clinique\/technique-echographique-prerequis-et-gestes-pratiques\/\"><img loading=\"lazy\" decoding=\"async\" width=\"353\" height=\"198\" src=\"https:\/\/midwives.gehealthcare.com\/fr-fr\/wp-content\/uploads\/sites\/4\/2022\/03\/01_PREREQUIS_br-1.png\" alt=\"\" class=\"wp-image-2478\" srcset=\"https:\/\/midwives.gehealthcare.com\/fr-fr\/wp-content\/uploads\/sites\/4\/2022\/03\/01_PREREQUIS_br-1.png 353w, https:\/\/midwives.gehealthcare.com\/fr-fr\/wp-content\/uploads\/sites\/4\/2022\/03\/01_PREREQUIS_br-1-300x168.png 300w\" sizes=\"auto, (max-width: 353px) 100vw, 353px\" \/><\/a><figcaption class=\"wp-element-caption\"><a href=\"https:\/\/midwives.gehealthcare.com\/fr-fr\/education-clinique\/technique-echographique-prerequis-et-gestes-pratiques\/\"><mark style=\"background-color:rgba(0, 0, 0, 0);color:#595194\" class=\"has-inline-color\">TECHNIQUE \u00c9CHOGRAPHIQUE : PR\u00c9REQUIS ET GESTES PRATIQUES<\/mark><\/a><\/figcaption><\/figure>\n<\/div>\n\n\n\n<div class=\"wp-block-column gated_videos is-layout-flow wp-block-column-is-layout-flow\">\n<figure class=\"wp-block-image size-large is-style-default\"><a href=\"https:\/\/midwives.gehealthcare.com\/fr-fr\/education-clinique\/lechographie-de-depistage-au-2e-et-3e-trimestre-le-diametre-biparietal-et-perimetre-cephalique\/\"><img loading=\"lazy\" decoding=\"async\" width=\"350\" height=\"198\" src=\"https:\/\/midwives.gehealthcare.com\/fr-fr\/wp-content\/uploads\/sites\/4\/2022\/03\/02_BIP_br-1.png\" alt=\"\" class=\"wp-image-2479\" srcset=\"https:\/\/midwives.gehealthcare.com\/fr-fr\/wp-content\/uploads\/sites\/4\/2022\/03\/02_BIP_br-1.png 350w, https:\/\/midwives.gehealthcare.com\/fr-fr\/wp-content\/uploads\/sites\/4\/2022\/03\/02_BIP_br-1-300x170.png 300w\" sizes=\"auto, (max-width: 350px) 100vw, 350px\" \/><\/a><figcaption class=\"wp-element-caption\"><a href=\"https:\/\/midwives.gehealthcare.com\/fr-fr\/education-clinique\/lechographie-de-depistage-au-2e-et-3e-trimestre-le-diametre-biparietal-et-perimetre-cephalique\/\"><mark style=\"background-color:rgba(0, 0, 0, 0);color:#595194\" class=\"has-inline-color\">L\u2019\u00c9CHOGRAPHIE DE D\u00c9PISTAGE AU 2E ET 3E TRIMESTRE &#8211; LE DIAM\u00c8TRE BIPARI\u00c9TAL ET P\u00c9RIM\u00c8TRE C\u00c9PHALIQUE<\/mark><\/a><\/figcaption><\/figure>\n<\/div>\n\n\n\n<div class=\"wp-block-column gated_videos is-layout-flow wp-block-column-is-layout-flow\">\n<figure class=\"wp-block-image size-large is-style-default\"><a href=\"https:\/\/midwives.gehealthcare.com\/fr-fr\/education-clinique\/lechographie-de-depistage-au-2e-et-3e-trimestre-labdomen-et-le-perimetre-abdominal\/\"><img loading=\"lazy\" decoding=\"async\" width=\"350\" height=\"198\" src=\"https:\/\/midwives.gehealthcare.com\/fr-fr\/wp-content\/uploads\/sites\/4\/2022\/05\/03_PERIMETRE-ABDO_pl.png\" alt=\"\" class=\"wp-image-2645\" srcset=\"https:\/\/midwives.gehealthcare.com\/fr-fr\/wp-content\/uploads\/sites\/4\/2022\/05\/03_PERIMETRE-ABDO_pl.png 350w, https:\/\/midwives.gehealthcare.com\/fr-fr\/wp-content\/uploads\/sites\/4\/2022\/05\/03_PERIMETRE-ABDO_pl-300x170.png 300w\" sizes=\"auto, (max-width: 350px) 100vw, 350px\" \/><\/a><figcaption class=\"wp-element-caption\"><a href=\"https:\/\/midwives.gehealthcare.com\/fr-fr\/education-clinique\/lechographie-de-depistage-au-2e-et-3e-trimestre-labdomen-et-le-perimetre-abdominal\/\"><mark style=\"background-color:rgba(0, 0, 0, 0);color:#595194\" class=\"has-inline-color\">L\u2019\u00c9CHOGRAPHIE DE D\u00c9PISTAGE AU 2E ET 3E TRIMESTRE &#8211; L\u2019ABDOMEN ET LE P\u00c9RIM\u00c8TRE ABDOMINAL<\/mark><\/a><\/figcaption><\/figure>\n\n\n\n<p><\/p>\n<\/div>\n<\/div>\n\n\n\n<div class=\"wp-block-columns is-layout-flex wp-container-core-columns-is-layout-9d6595d7 wp-block-columns-is-layout-flex\">\n<div class=\"wp-block-column gated_videos is-layout-flow wp-block-column-is-layout-flow\">\n<figure class=\"wp-block-image size-large is-style-default\"><a href=\"https:\/\/midwives.gehealthcare.com\/fr-fr\/education-clinique\/lechographie-de-depistage-au-2e-et-3e-trimestre-examen-des-membres-et-la-longueur-femorale\/\"><img loading=\"lazy\" decoding=\"async\" width=\"350\" height=\"198\" src=\"https:\/\/midwives.gehealthcare.com\/fr-fr\/wp-content\/uploads\/sites\/4\/2022\/05\/04_FEMUR_pl.png\" alt=\"\" class=\"wp-image-2646\" srcset=\"https:\/\/midwives.gehealthcare.com\/fr-fr\/wp-content\/uploads\/sites\/4\/2022\/05\/04_FEMUR_pl.png 350w, https:\/\/midwives.gehealthcare.com\/fr-fr\/wp-content\/uploads\/sites\/4\/2022\/05\/04_FEMUR_pl-300x170.png 300w\" sizes=\"auto, (max-width: 350px) 100vw, 350px\" \/><\/a><figcaption class=\"wp-element-caption\"><a href=\"https:\/\/midwives.gehealthcare.com\/fr-fr\/education-clinique\/lechographie-de-depistage-au-2e-et-3e-trimestre-examen-des-membres-et-la-longueur-femorale\/\"><mark style=\"background-color:rgba(0, 0, 0, 0);color:#595194\" class=\"has-inline-color\">L\u2019\u00c9CHOGRAPHIE DE D\u00c9PISTAGE AU 2E ET 3E TRIMESTRE &#8211; EXAMEN DES MEMBRES ET LA LONGUEUR F\u00c9MORALE<\/mark><\/a><\/figcaption><\/figure>\n<\/div>\n\n\n\n<div class=\"wp-block-column gated_videos is-layout-flow wp-block-column-is-layout-flow\">\n<figure class=\"wp-block-image size-large is-style-default\"><a href=\"https:\/\/midwives.gehealthcare.com\/fr-fr\/education-clinique\/lechographie-de-depistage-au-2e-et-3e-trimestre-le-rachis-et-les-reins\/\"><img loading=\"lazy\" decoding=\"async\" width=\"350\" height=\"198\" src=\"https:\/\/midwives.gehealthcare.com\/fr-fr\/wp-content\/uploads\/sites\/4\/2022\/06\/05_REINS_pl.png\" alt=\"\" class=\"wp-image-2663\" srcset=\"https:\/\/midwives.gehealthcare.com\/fr-fr\/wp-content\/uploads\/sites\/4\/2022\/06\/05_REINS_pl.png 350w, https:\/\/midwives.gehealthcare.com\/fr-fr\/wp-content\/uploads\/sites\/4\/2022\/06\/05_REINS_pl-300x170.png 300w\" sizes=\"auto, (max-width: 350px) 100vw, 350px\" \/><\/a><figcaption class=\"wp-element-caption\"><a href=\"https:\/\/midwives.gehealthcare.com\/fr-fr\/education-clinique\/lechographie-de-depistage-au-2e-et-3e-trimestre-le-rachis-et-les-reins\/\"><mark style=\"background-color:rgba(0, 0, 0, 0);color:#595194\" class=\"has-inline-color\">L\u2019\u00c9CHOGRAPHIE DE D\u00c9PISTAGE AU 2E ET 3E TRIMESTRE &#8211; LE RACHIS ET LES REINS<\/mark><\/a><\/figcaption><\/figure>\n<\/div>\n\n\n\n<div class=\"wp-block-column gated_videos is-layout-flow wp-block-column-is-layout-flow\">\n<figure class=\"wp-block-image size-large is-style-default\"><a href=\"https:\/\/midwives.gehealthcare.com\/fr-fr\/education-clinique\/lechographie-de-depistage-le-doppler-ombilical\/\"><img loading=\"lazy\" decoding=\"async\" width=\"350\" height=\"198\" src=\"https:\/\/midwives.gehealthcare.com\/fr-fr\/wp-content\/uploads\/sites\/4\/2022\/06\/06_ART-OMBILIC_pl.png\" alt=\"\" class=\"wp-image-2664\" srcset=\"https:\/\/midwives.gehealthcare.com\/fr-fr\/wp-content\/uploads\/sites\/4\/2022\/06\/06_ART-OMBILIC_pl.png 350w, https:\/\/midwives.gehealthcare.com\/fr-fr\/wp-content\/uploads\/sites\/4\/2022\/06\/06_ART-OMBILIC_pl-300x170.png 300w\" sizes=\"auto, (max-width: 350px) 100vw, 350px\" \/><\/a><figcaption class=\"wp-element-caption\"><a href=\"https:\/\/midwives.gehealthcare.com\/fr-fr\/education-clinique\/lechographie-de-depistage-le-doppler-ombilical\/\"><mark style=\"background-color:rgba(0, 0, 0, 0);color:#595194\" class=\"has-inline-color\">L\u2019\u00c9CHOGRAPHIE DE D\u00c9PISTAGE &#8211; LE DOPPLER OMBILICAL<\/mark><\/a><\/figcaption><\/figure>\n<\/div>\n<\/div>\n\n\n\n<div class=\"wp-block-columns is-layout-flex wp-container-core-columns-is-layout-9d6595d7 wp-block-columns-is-layout-flex\">\n<div class=\"wp-block-column gated_videos is-layout-flow wp-block-column-is-layout-flow\">\n<figure class=\"wp-block-image size-large is-style-default\"><a href=\"https:\/\/midwives.gehealthcare.com\/fr-fr\/education-clinique\/lechographie-de-depistage-le-doppler-des-arteres-uterines\/\"><img loading=\"lazy\" decoding=\"async\" width=\"350\" height=\"198\" src=\"https:\/\/midwives.gehealthcare.com\/fr-fr\/wp-content\/uploads\/sites\/4\/2022\/06\/08_ART-UTERINE_play-1.png\" alt=\"\" class=\"wp-image-2720\" srcset=\"https:\/\/midwives.gehealthcare.com\/fr-fr\/wp-content\/uploads\/sites\/4\/2022\/06\/08_ART-UTERINE_play-1.png 350w, https:\/\/midwives.gehealthcare.com\/fr-fr\/wp-content\/uploads\/sites\/4\/2022\/06\/08_ART-UTERINE_play-1-300x170.png 300w\" sizes=\"auto, (max-width: 350px) 100vw, 350px\" \/><\/a><figcaption class=\"wp-element-caption\"><a href=\"https:\/\/midwives.gehealthcare.com\/fr-fr\/education-clinique\/lechographie-de-depistage-le-doppler-des-arteres-uterines\/\"><mark style=\"background-color:rgba(0, 0, 0, 0);color:#595194\" class=\"has-inline-color\">L\u2019\u00c9CHOGRAPHIE DE D\u00c9PISTAGE &#8211; LE DOPPLER DES ART\u00c8RES UT\u00c9RINES<\/mark><\/a><\/figcaption><\/figure>\n<\/div>\n\n\n\n<div class=\"wp-block-column gated_videos is-layout-flow wp-block-column-is-layout-flow\">\n<figure class=\"wp-block-image size-full is-style-default\"><img loading=\"lazy\" decoding=\"async\" width=\"350\" height=\"198\" src=\"https:\/\/midwives.gehealthcare.com\/fr-fr\/wp-content\/uploads\/sites\/4\/2022\/06\/09_DUCTUS-V_play-2.png\" alt=\"\" class=\"wp-image-3187\" srcset=\"https:\/\/midwives.gehealthcare.com\/fr-fr\/wp-content\/uploads\/sites\/4\/2022\/06\/09_DUCTUS-V_play-2.png 350w, https:\/\/midwives.gehealthcare.com\/fr-fr\/wp-content\/uploads\/sites\/4\/2022\/06\/09_DUCTUS-V_play-2-300x170.png 300w\" sizes=\"auto, (max-width: 350px) 100vw, 350px\" \/><figcaption class=\"wp-element-caption\"><a href=\"https:\/\/midwives.gehealthcare.com\/fr-fr\/education-clinique\/lechographie-de-depistage-le-doppler-du-canal-veineux-darantius-ductus-venosus\/\"><mark style=\"background-color:rgba(0, 0, 0, 0);color:#595194\" class=\"has-inline-color\">L\u2019\u00c9CHOGRAPHIE DE D\u00c9PISTAGE &#8211; LE DOPPLER DU CANAL VEINEUX D\u2019ARANTIUS : DUCTUS VENOSUS<\/mark><\/a><\/figcaption><\/figure>\n<\/div>\n\n\n\n<div class=\"wp-block-column gated_videos is-layout-flow wp-block-column-is-layout-flow\">\n<figure class=\"wp-block-image size-large is-style-default\"><a href=\"https:\/\/midwives.gehealthcare.com\/fr-fr\/education-clinique\/lechographie-de-depistage-le-doppler-de-lartere-cerebrale-moyenne\/\"><img loading=\"lazy\" decoding=\"async\" width=\"350\" height=\"198\" src=\"https:\/\/midwives.gehealthcare.com\/fr-fr\/wp-content\/uploads\/sites\/4\/2022\/06\/07_ART-CEREBRALE_play-1.png\" alt=\"\" class=\"wp-image-2724\" srcset=\"https:\/\/midwives.gehealthcare.com\/fr-fr\/wp-content\/uploads\/sites\/4\/2022\/06\/07_ART-CEREBRALE_play-1.png 350w, https:\/\/midwives.gehealthcare.com\/fr-fr\/wp-content\/uploads\/sites\/4\/2022\/06\/07_ART-CEREBRALE_play-1-300x170.png 300w\" sizes=\"auto, (max-width: 350px) 100vw, 350px\" \/><\/a><figcaption class=\"wp-element-caption\"><a href=\"https:\/\/midwives.gehealthcare.com\/fr-fr\/education-clinique\/lechographie-de-depistage-le-doppler-de-lartere-cerebrale-moyenne\/\"><mark style=\"background-color:rgba(0, 0, 0, 0);color:#593c94\" class=\"has-inline-color\">L&rsquo;\u00c9CHOGRAPHIE DE D\u00c9PISTAGE &#8211; LE DOPPLER DE L\u2019ART\u00c8RE C\u00c9R\u00c9BRALE MOYENNE<\/mark><\/a><\/figcaption><\/figure>\n<\/div>\n<\/div>\n\n\n\n<p><\/p>\n","protected":false},"excerpt":{"rendered":"<p>Sandra Le Garrec vous propose 9 vid\u00e9os de 10 minutes pour r\u00e9viser les points cl\u00e9s de l&rsquo;\u00e9cho f\u0153tale. Sandra Le Garrec est sage-femme \u00e9chographiste au Centre Hospitalier Nord Deux-S\u00e8vres et au Centre Inter Sp\u00e9cialit\u00e9 Aquitain (CISA) \u00e0 Le Bouscat (pr\u00e8s de Bordeaux). Elle est \u00e9galement membre du Coll\u00e8ge Fran\u00e7ais d\u2019\u00c9chographie F\u0153tale (CFEF).<\/p>\n","protected":false},"author":3,"featured_media":0,"parent":0,"menu_order":0,"comment_status":"closed","ping_status":"closed","template":"","meta":{"inline_featured_image":false,"footnotes":""},"class_list":["post-2397","page","type-page","status-publish","hentry"],"yoast_head":"<!-- This site is optimized with the Yoast SEO plugin v25.2 - https:\/\/yoast.com\/wordpress\/plugins\/seo\/ -->\n<title>WebS\u00e9rie : Comment je fais ? - Bloom France<\/title>\n<meta name=\"robots\" content=\"index, follow, max-snippet:-1, max-image-preview:large, max-video-preview:-1\" \/>\n<link rel=\"canonical\" href=\"https:\/\/midwives.gehealthcare.com\/fr-fr\/webserie-comment-je-fais\/\" \/>\n<meta property=\"og:locale\" content=\"fr_FR\" \/>\n<meta property=\"og:type\" content=\"article\" \/>\n<meta property=\"og:title\" content=\"WebS\u00e9rie : Comment je fais ? - Bloom France\" \/>\n<meta property=\"og:description\" content=\"Sandra Le Garrec vous propose 9 vid\u00e9os de 10 minutes pour r\u00e9viser les points cl\u00e9s de l&rsquo;\u00e9cho f\u0153tale. Sandra Le Garrec est sage-femme \u00e9chographiste au Centre Hospitalier Nord Deux-S\u00e8vres et au Centre Inter Sp\u00e9cialit\u00e9 Aquitain (CISA) \u00e0 Le Bouscat (pr\u00e8s de Bordeaux). Elle est \u00e9galement membre du Coll\u00e8ge Fran\u00e7ais d\u2019\u00c9chographie F\u0153tale (CFEF).\" \/>\n<meta property=\"og:url\" content=\"https:\/\/midwives.gehealthcare.com\/fr-fr\/webserie-comment-je-fais\/\" \/>\n<meta property=\"og:site_name\" content=\"Bloom France\" \/>\n<meta property=\"article:modified_time\" content=\"2025-10-06T15:04:22+00:00\" \/>\n<meta property=\"og:image\" content=\"https:\/\/midwives.gehealthcare.com\/fr-fr\/wp-content\/uploads\/sites\/4\/2022\/03\/01_PREREQUIS_br-1.png\" \/>\n\t<meta property=\"og:image:width\" content=\"353\" \/>\n\t<meta property=\"og:image:height\" content=\"198\" \/>\n\t<meta property=\"og:image:type\" content=\"image\/png\" \/>\n<meta name=\"twitter:card\" content=\"summary_large_image\" \/>\n<meta name=\"twitter:label1\" content=\"Dur\u00e9e de lecture estim\u00e9e\" \/>\n\t<meta name=\"twitter:data1\" content=\"3 minutes\" \/>\n<script type=\"application\/ld+json\" class=\"yoast-schema-graph\">{\"@context\":\"https:\/\/schema.org\",\"@graph\":[{\"@type\":\"WebPage\",\"@id\":\"https:\/\/midwives.gehealthcare.com\/fr-fr\/webserie-comment-je-fais\/\",\"url\":\"https:\/\/midwives.gehealthcare.com\/fr-fr\/webserie-comment-je-fais\/\",\"name\":\"WebS\u00e9rie : Comment je fais ? - Bloom France\",\"isPartOf\":{\"@id\":\"https:\/\/midwives.gehealthcare.com\/fr-fr\/#website\"},\"primaryImageOfPage\":{\"@id\":\"https:\/\/midwives.gehealthcare.com\/fr-fr\/webserie-comment-je-fais\/#primaryimage\"},\"image\":{\"@id\":\"https:\/\/midwives.gehealthcare.com\/fr-fr\/webserie-comment-je-fais\/#primaryimage\"},\"thumbnailUrl\":\"https:\/\/midwives.gehealthcare.com\/fr-fr\/wp-content\/uploads\/sites\/4\/2022\/03\/01_PREREQUIS_br-1.png\",\"datePublished\":\"2022-04-08T14:06:01+00:00\",\"dateModified\":\"2025-10-06T15:04:22+00:00\",\"breadcrumb\":{\"@id\":\"https:\/\/midwives.gehealthcare.com\/fr-fr\/webserie-comment-je-fais\/#breadcrumb\"},\"inLanguage\":\"fr-FR\",\"potentialAction\":[{\"@type\":\"ReadAction\",\"target\":[\"https:\/\/midwives.gehealthcare.com\/fr-fr\/webserie-comment-je-fais\/\"]}]},{\"@type\":\"ImageObject\",\"inLanguage\":\"fr-FR\",\"@id\":\"https:\/\/midwives.gehealthcare.com\/fr-fr\/webserie-comment-je-fais\/#primaryimage\",\"url\":\"https:\/\/midwives.gehealthcare.com\/fr-fr\/wp-content\/uploads\/sites\/4\/2022\/03\/01_PREREQUIS_br-1.png\",\"contentUrl\":\"https:\/\/midwives.gehealthcare.com\/fr-fr\/wp-content\/uploads\/sites\/4\/2022\/03\/01_PREREQUIS_br-1.png\",\"width\":353,\"height\":198},{\"@type\":\"BreadcrumbList\",\"@id\":\"https:\/\/midwives.gehealthcare.com\/fr-fr\/webserie-comment-je-fais\/#breadcrumb\",\"itemListElement\":[{\"@type\":\"ListItem\",\"position\":1,\"name\":\"Accueil\",\"item\":\"https:\/\/midwives.gehealthcare.com\/fr-fr\/\"},{\"@type\":\"ListItem\",\"position\":2,\"name\":\"WebS\u00e9rie : Comment je fais ?\"}]},{\"@type\":\"WebSite\",\"@id\":\"https:\/\/midwives.gehealthcare.com\/fr-fr\/#website\",\"url\":\"https:\/\/midwives.gehealthcare.com\/fr-fr\/\",\"name\":\"Bloom France\",\"description\":\"Bloom\",\"potentialAction\":[{\"@type\":\"SearchAction\",\"target\":{\"@type\":\"EntryPoint\",\"urlTemplate\":\"https:\/\/midwives.gehealthcare.com\/fr-fr\/?s={search_term_string}\"},\"query-input\":{\"@type\":\"PropertyValueSpecification\",\"valueRequired\":true,\"valueName\":\"search_term_string\"}}],\"inLanguage\":\"fr-FR\"}]}<\/script>\n<!-- \/ Yoast SEO plugin. -->","yoast_head_json":{"title":"WebS\u00e9rie : Comment je fais ? - Bloom France","robots":{"index":"index","follow":"follow","max-snippet":"max-snippet:-1","max-image-preview":"max-image-preview:large","max-video-preview":"max-video-preview:-1"},"canonical":"https:\/\/midwives.gehealthcare.com\/fr-fr\/webserie-comment-je-fais\/","og_locale":"fr_FR","og_type":"article","og_title":"WebS\u00e9rie : Comment je fais ? - Bloom France","og_description":"Sandra Le Garrec vous propose 9 vid\u00e9os de 10 minutes pour r\u00e9viser les points cl\u00e9s de l&rsquo;\u00e9cho f\u0153tale. Sandra Le Garrec est sage-femme \u00e9chographiste au Centre Hospitalier Nord Deux-S\u00e8vres et au Centre Inter Sp\u00e9cialit\u00e9 Aquitain (CISA) \u00e0 Le Bouscat (pr\u00e8s de Bordeaux). Elle est \u00e9galement membre du Coll\u00e8ge Fran\u00e7ais d\u2019\u00c9chographie F\u0153tale (CFEF).","og_url":"https:\/\/midwives.gehealthcare.com\/fr-fr\/webserie-comment-je-fais\/","og_site_name":"Bloom France","article_modified_time":"2025-10-06T15:04:22+00:00","og_image":[{"width":353,"height":198,"url":"https:\/\/midwives.gehealthcare.com\/fr-fr\/wp-content\/uploads\/sites\/4\/2022\/03\/01_PREREQUIS_br-1.png","type":"image\/png"}],"twitter_card":"summary_large_image","twitter_misc":{"Dur\u00e9e de lecture estim\u00e9e":"3 minutes"},"schema":{"@context":"https:\/\/schema.org","@graph":[{"@type":"WebPage","@id":"https:\/\/midwives.gehealthcare.com\/fr-fr\/webserie-comment-je-fais\/","url":"https:\/\/midwives.gehealthcare.com\/fr-fr\/webserie-comment-je-fais\/","name":"WebS\u00e9rie : Comment je fais ? - Bloom France","isPartOf":{"@id":"https:\/\/midwives.gehealthcare.com\/fr-fr\/#website"},"primaryImageOfPage":{"@id":"https:\/\/midwives.gehealthcare.com\/fr-fr\/webserie-comment-je-fais\/#primaryimage"},"image":{"@id":"https:\/\/midwives.gehealthcare.com\/fr-fr\/webserie-comment-je-fais\/#primaryimage"},"thumbnailUrl":"https:\/\/midwives.gehealthcare.com\/fr-fr\/wp-content\/uploads\/sites\/4\/2022\/03\/01_PREREQUIS_br-1.png","datePublished":"2022-04-08T14:06:01+00:00","dateModified":"2025-10-06T15:04:22+00:00","breadcrumb":{"@id":"https:\/\/midwives.gehealthcare.com\/fr-fr\/webserie-comment-je-fais\/#breadcrumb"},"inLanguage":"fr-FR","potentialAction":[{"@type":"ReadAction","target":["https:\/\/midwives.gehealthcare.com\/fr-fr\/webserie-comment-je-fais\/"]}]},{"@type":"ImageObject","inLanguage":"fr-FR","@id":"https:\/\/midwives.gehealthcare.com\/fr-fr\/webserie-comment-je-fais\/#primaryimage","url":"https:\/\/midwives.gehealthcare.com\/fr-fr\/wp-content\/uploads\/sites\/4\/2022\/03\/01_PREREQUIS_br-1.png","contentUrl":"https:\/\/midwives.gehealthcare.com\/fr-fr\/wp-content\/uploads\/sites\/4\/2022\/03\/01_PREREQUIS_br-1.png","width":353,"height":198},{"@type":"BreadcrumbList","@id":"https:\/\/midwives.gehealthcare.com\/fr-fr\/webserie-comment-je-fais\/#breadcrumb","itemListElement":[{"@type":"ListItem","position":1,"name":"Accueil","item":"https:\/\/midwives.gehealthcare.com\/fr-fr\/"},{"@type":"ListItem","position":2,"name":"WebS\u00e9rie : Comment je fais ?"}]},{"@type":"WebSite","@id":"https:\/\/midwives.gehealthcare.com\/fr-fr\/#website","url":"https:\/\/midwives.gehealthcare.com\/fr-fr\/","name":"Bloom France","description":"Bloom","potentialAction":[{"@type":"SearchAction","target":{"@type":"EntryPoint","urlTemplate":"https:\/\/midwives.gehealthcare.com\/fr-fr\/?s={search_term_string}"},"query-input":{"@type":"PropertyValueSpecification","valueRequired":true,"valueName":"search_term_string"}}],"inLanguage":"fr-FR"}]}},"_links":{"self":[{"href":"https:\/\/midwives.gehealthcare.com\/fr-fr\/wp-json\/wp\/v2\/pages\/2397","targetHints":{"allow":["GET"]}}],"collection":[{"href":"https:\/\/midwives.gehealthcare.com\/fr-fr\/wp-json\/wp\/v2\/pages"}],"about":[{"href":"https:\/\/midwives.gehealthcare.com\/fr-fr\/wp-json\/wp\/v2\/types\/page"}],"author":[{"embeddable":true,"href":"https:\/\/midwives.gehealthcare.com\/fr-fr\/wp-json\/wp\/v2\/users\/3"}],"replies":[{"embeddable":true,"href":"https:\/\/midwives.gehealthcare.com\/fr-fr\/wp-json\/wp\/v2\/comments?post=2397"}],"version-history":[{"count":78,"href":"https:\/\/midwives.gehealthcare.com\/fr-fr\/wp-json\/wp\/v2\/pages\/2397\/revisions"}],"predecessor-version":[{"id":3926,"href":"https:\/\/midwives.gehealthcare.com\/fr-fr\/wp-json\/wp\/v2\/pages\/2397\/revisions\/3926"}],"wp:attachment":[{"href":"https:\/\/midwives.gehealthcare.com\/fr-fr\/wp-json\/wp\/v2\/media?parent=2397"}],"curies":[{"name":"wp","href":"https:\/\/api.w.org\/{rel}","templated":true}]}}